{"id":3555,"date":"2026-02-25T10:31:20","date_gmt":"2026-02-25T10:31:20","guid":{"rendered":"https:\/\/parlasca-keks.de\/?page_id=3555"},"modified":"2026-02-25T13:38:59","modified_gmt":"2026-02-25T13:38:59","slug":"nachhaltigkeit","status":"publish","type":"page","link":"https:\/\/parlasca-keks.de\/en\/nachhaltigkeit\/","title":{"rendered":"Nachhaltigkeit"},"content":{"rendered":"<p>Bei der Georg Parlasca Keksfabrik GmbH handeln wir mit dem Anspruch \u00f6kologische, soziale und wirtschaftliche Aspekte ausgewogen miteinander zu verbinden.<\/p>\n<p>Als Teil der FOODco handeln wir nach dem Leitsatz \u201eNat\u00fcrlich miteinander!\u201c. Er steht f\u00fcr einen respektvollen Umgang mit Mitarbeitenden, Gesch\u00e4ftspartnern und der Umwelt sowie f\u00fcr eine Unternehmenskultur, in der Vertrauen, Offenheit und Zusammenarbeit im Mittelpunkt stehen.<\/p>\n<p>Qualit\u00e4t, Lebensmittelsicherheit und verantwortungsvolles Handeln haben bei uns h\u00f6chste Priorit\u00e4t. Unsere Prozesse und Produkte lassen wir daher regelm\u00e4\u00dfig durch unabh\u00e4ngige Stellen pr\u00fcfen.<\/p>\n<p>Wir sind nach folgenden Standards zertifiziert:<\/p>\n<p>(hier die Siegel auff\u00fchren, nach denen wir zertifiziert sind)<\/p>\n<p>Unsere Nachhaltigkeitsaktivit\u00e4ten richten wir am ZNU-Standard Nachhaltiger Wirtschaften aus. Dieser ganzheitliche Ansatz verbindet die Aspekte der drei Dimensionen Umwelt, Wirtschaft und Soziales und unterst\u00fctzt Unternehmen dabei, Nachhaltigkeit systematisch und kontinuierlich weiterzuentwickeln.<\/p>\n","protected":false},"excerpt":{"rendered":"<p>Bei der Georg Parlasca Keksfabrik GmbH handeln wir mit dem Anspruch \u00f6kologische, soziale und wirtschaftliche Aspekte ausgewogen miteinander zu verbinden. Als Teil der FOODco handeln wir nach dem Leitsatz \u201eNat\u00fcrlich miteinander!\u201c. Er steht f\u00fcr einen respektvollen Umgang mit Mitarbeitenden, Gesch\u00e4ftspartnern und der Umwelt sowie f\u00fcr eine Unternehmenskultur, in der Vertrauen, Offenheit und Zusammenarbeit im Mittelpunkt [&hellip;]<\/p>\n","protected":false},"author":7,"featured_media":0,"parent":0,"menu_order":0,"comment_status":"closed","ping_status":"closed","template":"page-nachhaltigkeit.php","meta":{"_acf_changed":false,"footnotes":""},"wf_page_folders":[18],"class_list":["post-3555","page","type-page","status-publish","hentry"],"acf":[],"_links":{"self":[{"href":"https:\/\/parlasca-keks.de\/en\/wp-json\/wp\/v2\/pages\/3555","targetHints":{"allow":["GET"]}}],"collection":[{"href":"https:\/\/parlasca-keks.de\/en\/wp-json\/wp\/v2\/pages"}],"about":[{"href":"https:\/\/parlasca-keks.de\/en\/wp-json\/wp\/v2\/types\/page"}],"author":[{"embeddable":true,"href":"https:\/\/parlasca-keks.de\/en\/wp-json\/wp\/v2\/users\/7"}],"replies":[{"embeddable":true,"href":"https:\/\/parlasca-keks.de\/en\/wp-json\/wp\/v2\/comments?post=3555"}],"version-history":[{"count":4,"href":"https:\/\/parlasca-keks.de\/en\/wp-json\/wp\/v2\/pages\/3555\/revisions"}],"predecessor-version":[{"id":3575,"href":"https:\/\/parlasca-keks.de\/en\/wp-json\/wp\/v2\/pages\/3555\/revisions\/3575"}],"wp:attachment":[{"href":"https:\/\/parlasca-keks.de\/en\/wp-json\/wp\/v2\/media?parent=3555"}],"wp:term":[{"taxonomy":"wf_page_folders","embeddable":true,"href":"https:\/\/parlasca-keks.de\/en\/wp-json\/wp\/v2\/wf_page_folders?post=3555"}],"curies":[{"name":"wp","href":"https:\/\/api.w.org\/{rel}","templated":true}]}}