{"id":3582,"date":"2026-02-27T08:18:26","date_gmt":"2026-02-27T08:18:26","guid":{"rendered":"https:\/\/parlasca-keks.de\/?page_id=3582"},"modified":"2026-03-05T10:53:05","modified_gmt":"2026-03-05T10:53:05","slug":"supplier-code-of-conduct","status":"publish","type":"page","link":"https:\/\/parlasca-keks.de\/en\/supplier-code-of-conduct\/","title":{"rendered":"Supplier Code of Conduct"},"content":{"rendered":"<p>Verantwortungsvolles Handeln endet f\u00fcr uns nicht an den Grenzen unseres Unternehmens. Unser Supplier Code of Conduct legt die Standards fest, die wir von unseren Lieferanten erwarten \u2013 von der Achtung der Menschenrechte \u00fcber faire Arbeitsbedingungen bis hin zu Umweltschutz und Gesch\u00e4ftsethik.<br \/>\nDer Kodex basiert auf international anerkannten Rahmenwerken wie den UN-Leitprinzipien f\u00fcr Wirtschaft und Menschenrechte, den ILO-Kernarbeitsnormen und den UN-Zielen f\u00fcr nachhaltige Entwicklung.<\/p>\n<p><a href=\"https:\/\/parlasca-keks.de\/wp-content\/uploads\/2026\/03\/Supplier-Code-of-Conduct_2026-03-05.pdf\">Download<\/a><\/p>\n","protected":false},"excerpt":{"rendered":"<p>Verantwortungsvolles Handeln endet f\u00fcr uns nicht an den Grenzen unseres Unternehmens. Unser Supplier Code of Conduct legt die Standards fest, die wir von unseren Lieferanten erwarten \u2013 von der Achtung der Menschenrechte \u00fcber faire Arbeitsbedingungen bis hin zu Umweltschutz und Gesch\u00e4ftsethik. Der Kodex basiert auf international anerkannten Rahmenwerken wie den UN-Leitprinzipien f\u00fcr Wirtschaft und Menschenrechte, [&hellip;]<\/p>\n","protected":false},"author":7,"featured_media":0,"parent":0,"menu_order":0,"comment_status":"closed","ping_status":"closed","template":"page-simple.php","meta":{"_acf_changed":false,"footnotes":""},"wf_page_folders":[17],"class_list":["post-3582","page","type-page","status-publish","hentry"],"acf":[],"_links":{"self":[{"href":"https:\/\/parlasca-keks.de\/en\/wp-json\/wp\/v2\/pages\/3582","targetHints":{"allow":["GET"]}}],"collection":[{"href":"https:\/\/parlasca-keks.de\/en\/wp-json\/wp\/v2\/pages"}],"about":[{"href":"https:\/\/parlasca-keks.de\/en\/wp-json\/wp\/v2\/types\/page"}],"author":[{"embeddable":true,"href":"https:\/\/parlasca-keks.de\/en\/wp-json\/wp\/v2\/users\/7"}],"replies":[{"embeddable":true,"href":"https:\/\/parlasca-keks.de\/en\/wp-json\/wp\/v2\/comments?post=3582"}],"version-history":[{"count":4,"href":"https:\/\/parlasca-keks.de\/en\/wp-json\/wp\/v2\/pages\/3582\/revisions"}],"predecessor-version":[{"id":3607,"href":"https:\/\/parlasca-keks.de\/en\/wp-json\/wp\/v2\/pages\/3582\/revisions\/3607"}],"wp:attachment":[{"href":"https:\/\/parlasca-keks.de\/en\/wp-json\/wp\/v2\/media?parent=3582"}],"wp:term":[{"taxonomy":"wf_page_folders","embeddable":true,"href":"https:\/\/parlasca-keks.de\/en\/wp-json\/wp\/v2\/wf_page_folders?post=3582"}],"curies":[{"name":"wp","href":"https:\/\/api.w.org\/{rel}","templated":true}]}}