{"id":10,"date":"2024-01-14T10:16:32","date_gmt":"2024-01-14T10:16:32","guid":{"rendered":"https:\/\/parlasca-keks.de\/?page_id=10"},"modified":"2024-05-23T16:54:47","modified_gmt":"2024-05-23T16:54:47","slug":"impressum","status":"publish","type":"page","link":"https:\/\/parlasca-keks.de\/es\/impressum\/","title":{"rendered":"Impressum"},"content":{"rendered":"\r\n<p>Verantwortlich:<\/p>\r\n\r\n\r\n\r\n<p>Georg Parlasca Keksfabrik GmbH<br \/>Vor dem Celler Tor 49<br \/>D-31303 Burgdorf<br \/>Telefon: 0 51 36 \/ 8 80 13<br \/>info(at)parlasca-keks.de<br \/>www.parlasca-keks.de<\/p>\r\n\r\n\r\n\r\n<p>Sitz: Burgdorf (AG Hildesheim HRB 22551)<br \/>USt-ID-Nr. DE329649050<br \/>\u00d6ko-Kontrollstelle: DE-\u00d6KO-013 entsprechend EG-\u00d6KO-Verordnung<br \/>Gesch\u00e4ftsf\u00fchrer: Malte Benesch<\/p>\r\n\r\n\r\n\r\n<p>F\u00fcr Fragen und Informationen zum Thema Datenschutz benutzen Sie bitte die Kontaktadresse datenschutzbeauftragter(at)parlasca-keks.de<\/p>\r\n\r\n\r\n\r\n<p>Gestaltung, Text und Programmierung: Heartbrands GmbH<\/p>\r\n","protected":false},"excerpt":{"rendered":"<p>Verantwortlich: Georg Parlasca Keksfabrik GmbHVor dem Celler Tor 49D-31303 BurgdorfTelefon: 0 51 36 \/ 8 80 13info(at)parlasca-keks.dewww.parlasca-keks.de Sitz: Burgdorf (AG Hildesheim HRB 22551)USt-ID-Nr. DE329649050\u00d6ko-Kontrollstelle: DE-\u00d6KO-013 entsprechend EG-\u00d6KO-VerordnungGesch\u00e4ftsf\u00fchrer: Malte Benesch F\u00fcr Fragen und Informationen zum Thema Datenschutz benutzen Sie bitte die Kontaktadresse datenschutzbeauftragter(at)parlasca-keks.de Gestaltung, Text und Programmierung: Heartbrands GmbH<\/p>\n","protected":false},"author":1,"featured_media":0,"parent":0,"menu_order":0,"comment_status":"closed","ping_status":"closed","template":"page-impressum.php","meta":{"_acf_changed":false,"footnotes":""},"wf_page_folders":[17],"class_list":["post-10","page","type-page","status-publish","hentry"],"acf":[],"_links":{"self":[{"href":"https:\/\/parlasca-keks.de\/es\/wp-json\/wp\/v2\/pages\/10","targetHints":{"allow":["GET"]}}],"collection":[{"href":"https:\/\/parlasca-keks.de\/es\/wp-json\/wp\/v2\/pages"}],"about":[{"href":"https:\/\/parlasca-keks.de\/es\/wp-json\/wp\/v2\/types\/page"}],"author":[{"embeddable":true,"href":"https:\/\/parlasca-keks.de\/es\/wp-json\/wp\/v2\/users\/1"}],"replies":[{"embeddable":true,"href":"https:\/\/parlasca-keks.de\/es\/wp-json\/wp\/v2\/comments?post=10"}],"version-history":[{"count":0,"href":"https:\/\/parlasca-keks.de\/es\/wp-json\/wp\/v2\/pages\/10\/revisions"}],"wp:attachment":[{"href":"https:\/\/parlasca-keks.de\/es\/wp-json\/wp\/v2\/media?parent=10"}],"wp:term":[{"taxonomy":"wf_page_folders","embeddable":true,"href":"https:\/\/parlasca-keks.de\/es\/wp-json\/wp\/v2\/wf_page_folders?post=10"}],"curies":[{"name":"wp","href":"https:\/\/api.w.org\/{rel}","templated":true}]}}